{"id":10,"date":"2025-11-03T15:13:30","date_gmt":"2025-11-03T15:13:30","guid":{"rendered":"http:\/\/ddsbvee.cluster100.hosting.ovh.net\/?page_id=10"},"modified":"2026-01-09T14:19:21","modified_gmt":"2026-01-09T14:19:21","slug":"home","status":"publish","type":"page","link":"https:\/\/mobilit.ai\/","title":{"rendered":"Accueil"},"content":{"rendered":"\t\t<div data-elementor-type=\"wp-page\" data-elementor-id=\"10\" class=\"elementor elementor-10\">\n\t\t\t\t<div class=\"elementor-element elementor-element-c77a840 elementor-hidden-mobile e-flex e-con-boxed e-con e-parent\" data-id=\"c77a840\" data-element_type=\"container\" data-settings=\"{&quot;background_background&quot;:&quot;classic&quot;}\">\n\t\t\t\t\t<div class=\"e-con-inner\">\n\t\t<div class=\"elementor-element elementor-element-dd228fc e-con-full e-flex e-con e-child\" data-id=\"dd228fc\" data-element_type=\"container\">\n\t\t\t\t<div class=\"elementor-element elementor-element-1ab6da6 elementor-widget elementor-widget-text-editor\" data-id=\"1ab6da6\" data-element_type=\"widget\" data-widget_type=\"text-editor.default\">\n\t\t\t\t\t\t\t\t\t<p><strong>16-17 octobre 2025<\/strong><\/p>\t\t\t\t\t\t\t\t<\/div>\n\t\t\t\t<div class=\"elementor-element elementor-element-5e5aeb9 elementor-widget elementor-widget-button\" data-id=\"5e5aeb9\" data-element_type=\"widget\" data-widget_type=\"button.default\">\n\t\t\t\t\t\t\t\t\t\t<a class=\"elementor-button elementor-button-link elementor-size-sm\" href=\"#\">\n\t\t\t\t\t\t<span class=\"elementor-button-content-wrapper\">\n\t\t\t\t\t\t\t\t\t<span class=\"elementor-button-text\">6\u00e8me \u00e9dition<\/span>\n\t\t\t\t\t<\/span>\n\t\t\t\t\t<\/a>\n\t\t\t\t\t\t\t\t<\/div>\n\t\t\t\t<div class=\"elementor-element elementor-element-e6587ab elementor-widget elementor-widget-heading\" data-id=\"e6587ab\" data-element_type=\"widget\" data-widget_type=\"heading.default\">\n\t\t\t\t\t<h1 class=\"elementor-heading-title elementor-size-default\">L'IA pour les syst\u00e8mes critiques appliqu\u00e9s \u00e0 la mobilit\u00e9<\/h1>\t\t\t\t<\/div>\n\t\t\t\t<div class=\"elementor-element elementor-element-15e254d elementor-widget elementor-widget-text-editor\" data-id=\"15e254d\" data-element_type=\"widget\" data-widget_type=\"text-editor.default\">\n\t\t\t\t\t\t\t\t\t<p><strong>La Cit\u00e9<\/strong><\/p><p>55 Av. Louis Breguet<\/p><p>31400 Toulouse<\/p>\t\t\t\t\t\t\t\t<\/div>\n\t\t\t\t<\/div>\n\t\t<div class=\"elementor-element elementor-element-8e2ed41 e-con-full e-flex e-con e-child\" data-id=\"8e2ed41\" data-element_type=\"container\">\n\t\t\t\t<div class=\"elementor-element elementor-element-0e5009b elementor-widget elementor-widget-image\" data-id=\"0e5009b\" data-element_type=\"widget\" data-widget_type=\"image.default\">\n\t\t\t\t\t\t\t\t\t\t\t\t\t\t\t<img fetchpriority=\"high\" decoding=\"async\" width=\"1000\" height=\"110\" src=\"https:\/\/mobilit.ai\/wp-content\/uploads\/2026\/01\/logos-partnaires.png\" class=\"attachment-large size-large wp-image-317\" alt=\"\" srcset=\"https:\/\/mobilit.ai\/wp-content\/uploads\/2026\/01\/logos-partnaires.png 1000w, https:\/\/mobilit.ai\/wp-content\/uploads\/2026\/01\/logos-partnaires-300x33.png 300w, https:\/\/mobilit.ai\/wp-content\/uploads\/2026\/01\/logos-partnaires-768x84.png 768w\" sizes=\"(max-width: 1000px) 100vw, 1000px\" \/>\t\t\t\t\t\t\t\t\t\t\t\t\t\t\t<\/div>\n\t\t\t\t<\/div>\n\t\t\t\t\t<\/div>\n\t\t\t\t<\/div>\n\t\t<div class=\"elementor-element elementor-element-f508e10 elementor-hidden-desktop elementor-hidden-tablet e-flex e-con-boxed e-con e-parent\" data-id=\"f508e10\" data-element_type=\"container\" data-settings=\"{&quot;background_background&quot;:&quot;classic&quot;}\">\n\t\t\t\t\t<div class=\"e-con-inner\">\n\t\t\t\t\t<\/div>\n\t\t\t\t<\/div>\n\t\t<div class=\"elementor-element elementor-element-4a71049 elementor-hidden-desktop elementor-hidden-tablet e-flex e-con-boxed e-con e-parent\" data-id=\"4a71049\" data-element_type=\"container\">\n\t\t\t\t\t<div class=\"e-con-inner\">\n\t\t\t\t<div class=\"elementor-element elementor-element-11dbff3 elementor-widget elementor-widget-text-editor\" data-id=\"11dbff3\" data-element_type=\"widget\" data-widget_type=\"text-editor.default\">\n\t\t\t\t\t\t\t\t\t<p><strong>16-17 octobre 2025<\/strong><\/p>\t\t\t\t\t\t\t\t<\/div>\n\t\t\t\t<div class=\"elementor-element elementor-element-f22c72c elementor-widget elementor-widget-button\" data-id=\"f22c72c\" data-element_type=\"widget\" data-widget_type=\"button.default\">\n\t\t\t\t\t\t\t\t\t\t<a class=\"elementor-button elementor-button-link elementor-size-sm\" href=\"#\">\n\t\t\t\t\t\t<span class=\"elementor-button-content-wrapper\">\n\t\t\t\t\t\t\t\t\t<span class=\"elementor-button-text\">6\u00e8me \u00e9dition<\/span>\n\t\t\t\t\t<\/span>\n\t\t\t\t\t<\/a>\n\t\t\t\t\t\t\t\t<\/div>\n\t\t\t\t<div class=\"elementor-element elementor-element-f85f5ab elementor-widget elementor-widget-heading\" data-id=\"f85f5ab\" data-element_type=\"widget\" data-widget_type=\"heading.default\">\n\t\t\t\t\t<h1 class=\"elementor-heading-title elementor-size-default\">L'IA pour les syst\u00e8mes critiques appliqu\u00e9s \u00e0 la mobilit\u00e9<\/h1>\t\t\t\t<\/div>\n\t\t\t\t\t<\/div>\n\t\t\t\t<\/div>\n\t\t<div class=\"elementor-element elementor-element-88c91e4 e-flex e-con-boxed e-con e-parent\" data-id=\"88c91e4\" data-element_type=\"container\" data-settings=\"{&quot;background_background&quot;:&quot;classic&quot;}\">\n\t\t\t\t\t<div class=\"e-con-inner\">\n\t\t\t\t<div class=\"elementor-element elementor-element-4c8ff94 elementor-widget elementor-widget-text-editor\" data-id=\"4c8ff94\" data-element_type=\"widget\" data-widget_type=\"text-editor.default\">\n\t\t\t\t\t\t\t\t\t<p>Restez connect\u00e9s pour l\u2019annonce des prochaines dates. \u00c0 tr\u00e8s vite pour la prochaine \u00e9dition !<\/p>\t\t\t\t\t\t\t\t<\/div>\n\t\t\t\t\t<\/div>\n\t\t\t\t<\/div>\n\t\t<div class=\"elementor-element elementor-element-41ee36b e-flex e-con-boxed e-con e-parent\" data-id=\"41ee36b\" data-element_type=\"container\" data-settings=\"{&quot;background_background&quot;:&quot;classic&quot;}\">\n\t\t\t\t\t<div class=\"e-con-inner\">\n\t\t<div class=\"elementor-element elementor-element-8d48d17 e-con-full e-flex e-con e-child\" data-id=\"8d48d17\" data-element_type=\"container\">\n\t\t\t\t<div class=\"elementor-element elementor-element-4b1e4be elementor-arrows-position-inside elementor-pagination-position-outside elementor-widget elementor-widget-image-carousel\" data-id=\"4b1e4be\" data-element_type=\"widget\" data-settings=\"{&quot;slides_to_show&quot;:&quot;1&quot;,&quot;navigation&quot;:&quot;both&quot;,&quot;autoplay&quot;:&quot;yes&quot;,&quot;pause_on_hover&quot;:&quot;yes&quot;,&quot;pause_on_interaction&quot;:&quot;yes&quot;,&quot;autoplay_speed&quot;:5000,&quot;infinite&quot;:&quot;yes&quot;,&quot;effect&quot;:&quot;slide&quot;,&quot;speed&quot;:500}\" data-widget_type=\"image-carousel.default\">\n\t\t\t\t\t\t\t<div class=\"elementor-image-carousel-wrapper swiper\" role=\"region\" aria-roledescription=\"carousel\" aria-label=\"Image Carousel\" dir=\"ltr\">\n\t\t\t<div class=\"elementor-image-carousel swiper-wrapper\" aria-live=\"off\">\n\t\t\t\t\t\t\t\t<div class=\"swiper-slide\" role=\"group\" aria-roledescription=\"slide\" aria-label=\"1 of 6\"><figure class=\"swiper-slide-inner\"><img decoding=\"async\" class=\"swiper-slide-image\" src=\"https:\/\/mobilit.ai\/wp-content\/uploads\/2026\/01\/mobilitai_2025-image-2.png\" alt=\"mobilitai_2025\" \/><\/figure><\/div><div class=\"swiper-slide\" role=\"group\" aria-roledescription=\"slide\" aria-label=\"2 of 6\"><figure class=\"swiper-slide-inner\"><img decoding=\"async\" class=\"swiper-slide-image\" src=\"https:\/\/mobilit.ai\/wp-content\/uploads\/2026\/01\/mobilitai_2025-image-1.png\" alt=\"mobilitai_2025-image-1\" \/><\/figure><\/div><div class=\"swiper-slide\" role=\"group\" aria-roledescription=\"slide\" aria-label=\"3 of 6\"><figure class=\"swiper-slide-inner\"><img decoding=\"async\" class=\"swiper-slide-image\" src=\"https:\/\/mobilit.ai\/wp-content\/uploads\/2026\/01\/mobilitai_2025-image-6.png\" alt=\"mobilitai_2025\" \/><\/figure><\/div><div class=\"swiper-slide\" role=\"group\" aria-roledescription=\"slide\" aria-label=\"4 of 6\"><figure class=\"swiper-slide-inner\"><img decoding=\"async\" class=\"swiper-slide-image\" src=\"https:\/\/mobilit.ai\/wp-content\/uploads\/2026\/01\/mobilitai_2025-image-5.png\" alt=\"mobilitai_2025\" \/><\/figure><\/div><div class=\"swiper-slide\" role=\"group\" aria-roledescription=\"slide\" aria-label=\"5 of 6\"><figure class=\"swiper-slide-inner\"><img decoding=\"async\" class=\"swiper-slide-image\" src=\"https:\/\/mobilit.ai\/wp-content\/uploads\/2026\/01\/mobilitai_2025-image-3.png\" alt=\"mobilitai_2025\" \/><\/figure><\/div><div class=\"swiper-slide\" role=\"group\" aria-roledescription=\"slide\" aria-label=\"6 of 6\"><figure class=\"swiper-slide-inner\"><img decoding=\"async\" class=\"swiper-slide-image\" src=\"https:\/\/mobilit.ai\/wp-content\/uploads\/2026\/01\/mobilitai_2025-image-4.png\" alt=\"mobilitai_2025\" \/><\/figure><\/div>\t\t\t<\/div>\n\t\t\t\t\t\t\t\t\t\t\t\t<div class=\"elementor-swiper-button elementor-swiper-button-prev\" role=\"button\" tabindex=\"0\">\n\t\t\t\t\t\t<svg aria-hidden=\"true\" class=\"e-font-icon-svg e-eicon-chevron-left\" viewBox=\"0 0 1000 1000\" xmlns=\"http:\/\/www.w3.org\/2000\/svg\"><path d=\"M646 125C629 125 613 133 604 142L308 442C296 454 292 471 292 487 292 504 296 521 308 533L604 854C617 867 629 875 646 875 663 875 679 871 692 858 704 846 713 829 713 812 713 796 708 779 692 767L438 487 692 225C700 217 708 204 708 187 708 171 704 154 692 142 675 129 663 125 646 125Z\"><\/path><\/svg>\t\t\t\t\t<\/div>\n\t\t\t\t\t<div class=\"elementor-swiper-button elementor-swiper-button-next\" role=\"button\" tabindex=\"0\">\n\t\t\t\t\t\t<svg aria-hidden=\"true\" class=\"e-font-icon-svg e-eicon-chevron-right\" viewBox=\"0 0 1000 1000\" xmlns=\"http:\/\/www.w3.org\/2000\/svg\"><path d=\"M696 533C708 521 713 504 713 487 713 471 708 454 696 446L400 146C388 133 375 125 354 125 338 125 325 129 313 142 300 154 292 171 292 187 292 204 296 221 308 233L563 492 304 771C292 783 288 800 288 817 288 833 296 850 308 863 321 871 338 875 354 875 371 875 388 867 400 854L696 533Z\"><\/path><\/svg>\t\t\t\t\t<\/div>\n\t\t\t\t\n\t\t\t\t\t\t\t\t\t<div class=\"swiper-pagination\"><\/div>\n\t\t\t\t\t\t\t\t\t<\/div>\n\t\t\t\t\t\t<\/div>\n\t\t\t\t<\/div>\n\t\t<div class=\"elementor-element elementor-element-6cac114 e-con-full e-flex e-con e-child\" data-id=\"6cac114\" data-element_type=\"container\">\n\t\t\t\t<div class=\"elementor-element elementor-element-86e8f58 elementor-widget elementor-widget-text-editor\" data-id=\"86e8f58\" data-element_type=\"widget\" data-widget_type=\"text-editor.default\">\n\t\t\t\t\t\t\t\t\t<p><strong><a class=\"customize-unpreviewable\" href=\"https:\/\/ivado.ca\/\">IVADO<\/a>, l\u2019<a class=\"customize-unpreviewable\" href=\"http:\/\/www.irt-saintexupery.com\/\">IRT Saint Exup\u00e9ry<\/a>,\u00a0l\u2019<a class=\"customize-unpreviewable\" href=\"https:\/\/iid.ulaval.ca\/\">IID<\/a>, le\u00a0<a class=\"customize-unpreviewable\" href=\"http:\/\/www.criaq.aero\/\">CRIAQ<\/a><\/strong>\u00a0<strong>et\u00a0<a class=\"customize-unpreviewable\" href=\"https:\/\/aniti.univ-toulouse.fr\/\">ANITI<\/a> organisent la 6<sup>\u00e8me<\/sup> \u00e9dition du forum MobiliT.AI les 16 et 17 octobre 2025 dans la ville rose Toulouse.<\/strong><\/p><p>MobiliT.AI : il s\u2019agit d\u2019un \u00e9v\u00e8nement international qui rassemble une communaut\u00e9 d\u2019experts de l\u2019Intelligence Artificielle pour les syst\u00e8mes critiques dans le domaine du transport et de la mobilit\u00e9 (a\u00e9ronautique, automobile, rail, espace, drones, etc.). Cette communaut\u00e9 est compos\u00e9e de chercheurs acad\u00e9miques, industriels et issus des entreprises de la Tech, mais \u00e9galement d\u2019experts en suret\u00e9 de fonctionnement et en ing\u00e9nierie des syst\u00e8mes embarqu\u00e9s critiques.<\/p>\t\t\t\t\t\t\t\t<\/div>\n\t\t\t\t<\/div>\n\t\t\t\t\t<\/div>\n\t\t\t\t<\/div>\n\t\t<div class=\"elementor-element elementor-element-7a71f92 e-flex e-con-boxed e-con e-parent\" data-id=\"7a71f92\" data-element_type=\"container\" data-settings=\"{&quot;background_background&quot;:&quot;classic&quot;}\">\n\t\t\t\t\t<div class=\"e-con-inner\">\n\t\t\t\t<div class=\"elementor-element elementor-element-1697e68 elementor-widget elementor-widget-image\" data-id=\"1697e68\" data-element_type=\"widget\" data-widget_type=\"image.default\">\n\t\t\t\t\t\t\t\t\t\t\t\t\t\t\t<img decoding=\"async\" width=\"527\" height=\"132\" src=\"https:\/\/mobilit.ai\/wp-content\/uploads\/2026\/01\/cooperation-france-quebec.png\" class=\"attachment-large size-large wp-image-76\" alt=\"\" srcset=\"https:\/\/mobilit.ai\/wp-content\/uploads\/2026\/01\/cooperation-france-quebec.png 527w, https:\/\/mobilit.ai\/wp-content\/uploads\/2026\/01\/cooperation-france-quebec-300x75.png 300w\" sizes=\"(max-width: 527px) 100vw, 527px\" \/>\t\t\t\t\t\t\t\t\t\t\t\t\t\t\t<\/div>\n\t\t\t\t<div class=\"elementor-element elementor-element-c37d91b elementor-widget elementor-widget-text-editor\" data-id=\"c37d91b\" data-element_type=\"widget\" data-widget_type=\"text-editor.default\">\n\t\t\t\t\t\t\t\t\t<p>Le forum MobiliT.AI re\u00e7oit le soutien du Fonds franco-qu\u00e9b\u00e9cois pour la coop\u00e9ration d\u00e9centralis\u00e9e.<\/p>\t\t\t\t\t\t\t\t<\/div>\n\t\t\t\t\t<\/div>\n\t\t\t\t<\/div>\n\t\t<div class=\"elementor-element elementor-element-2db3b6e e-flex e-con-boxed e-con e-parent\" data-id=\"2db3b6e\" data-element_type=\"container\" data-settings=\"{&quot;background_background&quot;:&quot;classic&quot;}\">\n\t\t\t\t\t<div class=\"e-con-inner\">\n\t\t<div class=\"elementor-element elementor-element-238390e e-con-full e-flex e-con e-child\" data-id=\"238390e\" data-element_type=\"container\">\n\t\t\t\t<div class=\"elementor-element elementor-element-4c6f497 elementor-widget elementor-widget-heading\" data-id=\"4c6f497\" data-element_type=\"widget\" data-widget_type=\"heading.default\">\n\t\t\t\t\t<h3 class=\"elementor-heading-title elementor-size-default\">Speakers<\/h3>\t\t\t\t<\/div>\n\t\t\t\t<\/div>\n\t\t<div class=\"elementor-element elementor-element-0e702aa e-con-full e-flex e-con e-child\" data-id=\"0e702aa\" data-element_type=\"container\">\n\t\t\t\t<div class=\"elementor-element elementor-element-743ca1c elementor-widget elementor-widget-button\" data-id=\"743ca1c\" data-element_type=\"widget\" data-widget_type=\"button.default\">\n\t\t\t\t\t\t\t\t\t\t<a class=\"elementor-button elementor-button-link elementor-size-sm\" href=\"#\">\n\t\t\t\t\t\t<span class=\"elementor-button-content-wrapper\">\n\t\t\t\t\t\t\t\t\t<span class=\"elementor-button-text\">Panel Cyber &amp; IA <\/span>\n\t\t\t\t\t<\/span>\n\t\t\t\t\t<\/a>\n\t\t\t\t\t\t\t\t<\/div>\n\t\t\t\t<div class=\"elementor-element elementor-element-a1c8754 elementor-widget elementor-widget-text-editor\" data-id=\"a1c8754\" data-element_type=\"widget\" data-widget_type=\"text-editor.default\">\n\t\t\t\t\t\t\t\t\t<p><strong>Katarzyna Kapusta<\/strong>, Cybersecurity expert working on AI&amp;Cyber \u00e0 Thales.<\/p><p><strong>Fr\u00e9d\u00e9ric Laplagne<\/strong>, Pr\u00e9sident et co-fondateur d&#8217;Akawan<\/p><p><strong>William Ritchie<\/strong>, Chief Technology Officer at Custocy<\/p>\t\t\t\t\t\t\t\t<\/div>\n\t\t\t\t<div class=\"elementor-element elementor-element-7130990 elementor-widget elementor-widget-button\" data-id=\"7130990\" data-element_type=\"widget\" data-widget_type=\"button.default\">\n\t\t\t\t\t\t\t\t\t\t<a class=\"elementor-button elementor-button-link elementor-size-sm\" href=\"#\">\n\t\t\t\t\t\t<span class=\"elementor-button-content-wrapper\">\n\t\t\t\t\t\t\t\t\t<span class=\"elementor-button-text\">Panel XAI l\u2019explicabilit\u00e9 de l\u2019intelligence artificielle (IA) <\/span>\n\t\t\t\t\t<\/span>\n\t\t\t\t\t<\/a>\n\t\t\t\t\t\t\t\t<\/div>\n\t\t\t\t<div class=\"elementor-element elementor-element-9b653fa elementor-widget elementor-widget-text-editor\" data-id=\"9b653fa\" data-element_type=\"widget\" data-widget_type=\"text-editor.default\">\n\t\t\t\t\t\t\t\t\t<p><strong>Thomas Fel<\/strong>, Chercheur \u00e0 l\u2019Institut Kempner de l\u2019Universit\u00e9 Harvard<\/p><p><strong>Cl\u00e9ment B\u00e9nard<\/strong>, Chercheur en intelligence artificielle chez Thales cortAIx-Labs<\/p><p><strong>Nicolas Bousquet<\/strong>, Chercheur senior chez EDF R&amp;D et directeur du laboratoire industriel commun EDF-TotalEnergies-Thales d\u00e9di\u00e9 \u00e0 l\u2019IA<\/p>\t\t\t\t\t\t\t\t<\/div>\n\t\t\t\t<\/div>\n\t\t<div class=\"elementor-element elementor-element-c2e61dd e-con-full e-flex e-con e-child\" data-id=\"c2e61dd\" data-element_type=\"container\">\n\t\t\t\t<div class=\"elementor-element elementor-element-e2e2126 elementor-widget elementor-widget-button\" data-id=\"e2e2126\" data-element_type=\"widget\" data-widget_type=\"button.default\">\n\t\t\t\t\t\t\t\t\t\t<a class=\"elementor-button elementor-button-link elementor-size-sm\" href=\"#\">\n\t\t\t\t\t\t<span class=\"elementor-button-content-wrapper\">\n\t\t\t\t\t\t\t\t\t<span class=\"elementor-button-text\">Panel GenAI <\/span>\n\t\t\t\t\t<\/span>\n\t\t\t\t\t<\/a>\n\t\t\t\t\t\t\t\t<\/div>\n\t\t\t\t<div class=\"elementor-element elementor-element-42da768 elementor-widget elementor-widget-text-editor\" data-id=\"42da768\" data-element_type=\"widget\" data-widget_type=\"text-editor.default\">\n\t\t\t\t\t\t\t\t\t<p><strong>Julie Hunter<\/strong>, Chercheuse en linguistique et\u00a0traitement automatique du langage \u00e0 Linagora<\/p><p><strong>C\u00e9line Hudelot<\/strong>, Professeure en informatique \u00e0 CentraleSup\u00e9lec<\/p><p>\u00a0<strong>Luce Lefeuvre<\/strong>, Cheffe de projet innovation IA chez SNCF<\/p>\t\t\t\t\t\t\t\t<\/div>\n\t\t\t\t<div class=\"elementor-element elementor-element-763bc68 elementor-widget elementor-widget-button\" data-id=\"763bc68\" data-element_type=\"widget\" data-widget_type=\"button.default\">\n\t\t\t\t\t\t\t\t\t\t<a class=\"elementor-button elementor-button-link elementor-size-sm\" href=\"#\">\n\t\t\t\t\t\t<span class=\"elementor-button-content-wrapper\">\n\t\t\t\t\t\t\t\t\t<span class=\"elementor-button-text\">Panel Agentic AI<\/span>\n\t\t\t\t\t<\/span>\n\t\t\t\t\t<\/a>\n\t\t\t\t\t\t\t\t<\/div>\n\t\t\t\t<div class=\"elementor-element elementor-element-e86c26b elementor-widget elementor-widget-text-editor\" data-id=\"e86c26b\" data-element_type=\"widget\" data-widget_type=\"text-editor.default\">\n\t\t\t\t\t\t\t\t\t<p><strong>Swarnadeep Bhar<\/strong>, Doctorant Aniti<\/p>\t\t\t\t\t\t\t\t<\/div>\n\t\t\t\t<div class=\"elementor-element elementor-element-f64efb0 elementor-widget elementor-widget-button\" data-id=\"f64efb0\" data-element_type=\"widget\" data-widget_type=\"button.default\">\n\t\t\t\t\t\t\t\t\t\t<a class=\"elementor-button elementor-button-link elementor-size-sm\" href=\"#\">\n\t\t\t\t\t\t<span class=\"elementor-button-content-wrapper\">\n\t\t\t\t\t\t\t\t\t<span class=\"elementor-button-text\">Panel Robotique et Simulations <\/span>\n\t\t\t\t\t<\/span>\n\t\t\t\t\t<\/a>\n\t\t\t\t\t\t\t\t<\/div>\n\t\t\t\t<div class=\"elementor-element elementor-element-b8c27ae elementor-widget elementor-widget-text-editor\" data-id=\"b8c27ae\" data-element_type=\"widget\" data-widget_type=\"text-editor.default\">\n\t\t\t\t\t\t\t\t\t<p><strong>Liam Paul<\/strong>, professeur agr\u00e9g\u00e9 \u00e0 l\u2019Universit\u00e9 de Montr\u00e9al et cofondateur du Montreal Robotics and Embodied AI Lab (REAL)<\/p><p><strong>Nicolas Mansard<\/strong>, Chercheur au LAAS-CNRS<\/p>\t\t\t\t\t\t\t\t<\/div>\n\t\t\t\t<\/div>\n\t\t\t\t\t<\/div>\n\t\t\t\t<\/div>\n\t\t\t\t<\/div>\n\t\t","protected":false},"excerpt":{"rendered":"<p>16-17 octobre 2025 6\u00e8me \u00e9dition L&#8217;IA pour les syst\u00e8mes critiques appliqu\u00e9s \u00e0 la mobilit\u00e9 La Cit\u00e9 55 Av. Louis Breguet 31400 Toulouse 16-17 octobre 2025 6\u00e8me \u00e9dition L&#8217;IA pour les syst\u00e8mes critiques appliqu\u00e9s \u00e0 la mobilit\u00e9 Restez connect\u00e9s pour l\u2019annonce des prochaines dates. \u00c0 tr\u00e8s vite pour la prochaine \u00e9dition ! IVADO, l\u2019IRT Saint Exup\u00e9ry,\u00a0l\u2019IID, [&hellip;]<\/p>\n","protected":false},"author":1,"featured_media":0,"parent":0,"menu_order":0,"comment_status":"closed","ping_status":"closed","template":"","meta":{"footnotes":""},"class_list":["post-10","page","type-page","status-publish","hentry"],"blocksy_meta":[],"_links":{"self":[{"href":"https:\/\/mobilit.ai\/index.php\/wp-json\/wp\/v2\/pages\/10","targetHints":{"allow":["GET"]}}],"collection":[{"href":"https:\/\/mobilit.ai\/index.php\/wp-json\/wp\/v2\/pages"}],"about":[{"href":"https:\/\/mobilit.ai\/index.php\/wp-json\/wp\/v2\/types\/page"}],"author":[{"embeddable":true,"href":"https:\/\/mobilit.ai\/index.php\/wp-json\/wp\/v2\/users\/1"}],"replies":[{"embeddable":true,"href":"https:\/\/mobilit.ai\/index.php\/wp-json\/wp\/v2\/comments?post=10"}],"version-history":[{"count":161,"href":"https:\/\/mobilit.ai\/index.php\/wp-json\/wp\/v2\/pages\/10\/revisions"}],"predecessor-version":[{"id":333,"href":"https:\/\/mobilit.ai\/index.php\/wp-json\/wp\/v2\/pages\/10\/revisions\/333"}],"wp:attachment":[{"href":"https:\/\/mobilit.ai\/index.php\/wp-json\/wp\/v2\/media?parent=10"}],"curies":[{"name":"wp","href":"https:\/\/api.w.org\/{rel}","templated":true}]}}