{"id":141,"date":"2026-01-07T10:22:18","date_gmt":"2026-01-07T10:22:18","guid":{"rendered":"http:\/\/ddsbvee.cluster100.hosting.ovh.net\/?page_id=141"},"modified":"2026-01-07T16:26:53","modified_gmt":"2026-01-07T16:26:53","slug":"edition-2024","status":"publish","type":"page","link":"https:\/\/mobilit.ai\/index.php\/edition-2024\/","title":{"rendered":"\u00c9dition 2024"},"content":{"rendered":"\t\t<div data-elementor-type=\"wp-page\" data-elementor-id=\"141\" class=\"elementor elementor-141\">\n\t\t\t\t<div class=\"elementor-element elementor-element-00c6bde e-flex e-con-boxed e-con e-parent\" data-id=\"00c6bde\" data-element_type=\"container\">\n\t\t\t\t\t<div class=\"e-con-inner\">\n\t\t<div class=\"elementor-element elementor-element-7ffb109 e-con-full e-flex e-con e-child\" data-id=\"7ffb109\" data-element_type=\"container\">\n\t\t\t\t<div class=\"elementor-element elementor-element-1dd1279 elementor-arrows-position-inside elementor-pagination-position-outside elementor-widget elementor-widget-image-carousel\" data-id=\"1dd1279\" data-element_type=\"widget\" data-settings=\"{&quot;slides_to_show&quot;:&quot;1&quot;,&quot;navigation&quot;:&quot;both&quot;,&quot;autoplay&quot;:&quot;yes&quot;,&quot;pause_on_hover&quot;:&quot;yes&quot;,&quot;pause_on_interaction&quot;:&quot;yes&quot;,&quot;autoplay_speed&quot;:5000,&quot;infinite&quot;:&quot;yes&quot;,&quot;effect&quot;:&quot;slide&quot;,&quot;speed&quot;:500}\" data-widget_type=\"image-carousel.default\">\n\t\t\t\t\t\t\t<div class=\"elementor-image-carousel-wrapper swiper\" role=\"region\" aria-roledescription=\"carousel\" aria-label=\"Image Carousel\" dir=\"ltr\">\n\t\t\t<div class=\"elementor-image-carousel swiper-wrapper\" aria-live=\"off\">\n\t\t\t\t\t\t\t\t<div class=\"swiper-slide\" role=\"group\" aria-roledescription=\"slide\" aria-label=\"1 of 4\"><figure class=\"swiper-slide-inner\"><img decoding=\"async\" class=\"swiper-slide-image\" src=\"https:\/\/mobilit.ai\/wp-content\/uploads\/2026\/01\/mobilitai_2024-image-0.png\" alt=\"mobilitai_2024-image-0\" \/><\/figure><\/div><div class=\"swiper-slide\" role=\"group\" aria-roledescription=\"slide\" aria-label=\"2 of 4\"><figure class=\"swiper-slide-inner\"><img decoding=\"async\" class=\"swiper-slide-image\" src=\"https:\/\/mobilit.ai\/wp-content\/uploads\/2026\/01\/mobilitai-image-1.png\" alt=\"mobilitai_202\" \/><\/figure><\/div><div class=\"swiper-slide\" role=\"group\" aria-roledescription=\"slide\" aria-label=\"3 of 4\"><figure class=\"swiper-slide-inner\"><img decoding=\"async\" class=\"swiper-slide-image\" src=\"https:\/\/mobilit.ai\/wp-content\/uploads\/2026\/01\/mobilitai-image-3.png\" alt=\"mobilitai-image-3\" \/><\/figure><\/div><div class=\"swiper-slide\" role=\"group\" aria-roledescription=\"slide\" aria-label=\"4 of 4\"><figure class=\"swiper-slide-inner\"><img decoding=\"async\" class=\"swiper-slide-image\" src=\"https:\/\/mobilit.ai\/wp-content\/uploads\/2026\/01\/mobilitai-image-2.png\" alt=\"mobilitai-image-2\" \/><\/figure><\/div>\t\t\t<\/div>\n\t\t\t\t\t\t\t\t\t\t\t\t<div class=\"elementor-swiper-button elementor-swiper-button-prev\" role=\"button\" tabindex=\"0\">\n\t\t\t\t\t\t<svg aria-hidden=\"true\" class=\"e-font-icon-svg e-eicon-chevron-left\" viewBox=\"0 0 1000 1000\" xmlns=\"http:\/\/www.w3.org\/2000\/svg\"><path d=\"M646 125C629 125 613 133 604 142L308 442C296 454 292 471 292 487 292 504 296 521 308 533L604 854C617 867 629 875 646 875 663 875 679 871 692 858 704 846 713 829 713 812 713 796 708 779 692 767L438 487 692 225C700 217 708 204 708 187 708 171 704 154 692 142 675 129 663 125 646 125Z\"><\/path><\/svg>\t\t\t\t\t<\/div>\n\t\t\t\t\t<div class=\"elementor-swiper-button elementor-swiper-button-next\" role=\"button\" tabindex=\"0\">\n\t\t\t\t\t\t<svg aria-hidden=\"true\" class=\"e-font-icon-svg e-eicon-chevron-right\" viewBox=\"0 0 1000 1000\" xmlns=\"http:\/\/www.w3.org\/2000\/svg\"><path d=\"M696 533C708 521 713 504 713 487 713 471 708 454 696 446L400 146C388 133 375 125 354 125 338 125 325 129 313 142 300 154 292 171 292 187 292 204 296 221 308 233L563 492 304 771C292 783 288 800 288 817 288 833 296 850 308 863 321 871 338 875 354 875 371 875 388 867 400 854L696 533Z\"><\/path><\/svg>\t\t\t\t\t<\/div>\n\t\t\t\t\n\t\t\t\t\t\t\t\t\t<div class=\"swiper-pagination\"><\/div>\n\t\t\t\t\t\t\t\t\t<\/div>\n\t\t\t\t\t\t<\/div>\n\t\t\t\t<\/div>\n\t\t<div class=\"elementor-element elementor-element-b578a39 e-con-full e-flex e-con e-child\" data-id=\"b578a39\" data-element_type=\"container\">\n\t\t\t\t<div class=\"elementor-element elementor-element-94645d2 elementor-widget elementor-widget-text-editor\" data-id=\"94645d2\" data-element_type=\"widget\" data-widget_type=\"text-editor.default\">\n\t\t\t\t\t\t\t\t\t<p><strong><a href=\"https:\/\/ivado.ca\/\">IVADO<\/a>, l\u2019<a href=\"http:\/\/www.irt-saintexupery.com\/\">IRT Saint Exup\u00e9ry<\/a>,\u00a0<a href=\"https:\/\/www.iata.org\/\">IATA<\/a>, l\u2019<a href=\"https:\/\/iid.ulaval.ca\/\">IID<\/a>, le\u00a0<a href=\"http:\/\/www.criaq.aero\/\">CRIAQ<\/a><\/strong>\u00a0<strong>et\u00a0<a href=\"https:\/\/aniti.univ-toulouse.fr\/\">ANITI<\/a>\u00a0organisent la\u00a05<sup>\u00e8me<\/sup>\u00a0\u00e9dition du\u00a0forum MobiliT.AI les 28 et 29 mai 2024.<\/strong><\/p><p>MobiliT.AI : il s\u2019agit d\u2019un \u00e9v\u00e8nement international qui rassemble une communaut\u00e9 d\u2019experts de l\u2019Intelligence Artificielle pour les syst\u00e8mes critiques dans le domaine du transport et de la mobilit\u00e9 (a\u00e9ronautique, automobile, rail, espace, drones, etc.). Cette communaut\u00e9 est compos\u00e9e de chercheurs acad\u00e9miques, industriels et issus des entreprises de la Tech, mais \u00e9galement d\u2019experts en suret\u00e9 de fonctionnement et en ing\u00e9nierie des syst\u00e8mes embarqu\u00e9s critiques.<\/p>\t\t\t\t\t\t\t\t<\/div>\n\t\t\t\t<\/div>\n\t\t\t\t\t<\/div>\n\t\t\t\t<\/div>\n\t\t\t\t<\/div>\n\t\t","protected":false},"excerpt":{"rendered":"<p>IVADO, l\u2019IRT Saint Exup\u00e9ry,\u00a0IATA, l\u2019IID, le\u00a0CRIAQ\u00a0et\u00a0ANITI\u00a0organisent la\u00a05\u00e8me\u00a0\u00e9dition du\u00a0forum MobiliT.AI les 28 et 29 mai 2024. MobiliT.AI : il s\u2019agit d\u2019un \u00e9v\u00e8nement international qui rassemble une communaut\u00e9 d\u2019experts de l\u2019Intelligence Artificielle pour les syst\u00e8mes critiques dans le domaine du transport et de la mobilit\u00e9 (a\u00e9ronautique, automobile, rail, espace, drones, etc.). Cette communaut\u00e9 est compos\u00e9e de chercheurs [&hellip;]<\/p>\n","protected":false},"author":1,"featured_media":0,"parent":0,"menu_order":0,"comment_status":"closed","ping_status":"closed","template":"","meta":{"footnotes":""},"class_list":["post-141","page","type-page","status-publish","hentry"],"blocksy_meta":[],"_links":{"self":[{"href":"https:\/\/mobilit.ai\/index.php\/wp-json\/wp\/v2\/pages\/141","targetHints":{"allow":["GET"]}}],"collection":[{"href":"https:\/\/mobilit.ai\/index.php\/wp-json\/wp\/v2\/pages"}],"about":[{"href":"https:\/\/mobilit.ai\/index.php\/wp-json\/wp\/v2\/types\/page"}],"author":[{"embeddable":true,"href":"https:\/\/mobilit.ai\/index.php\/wp-json\/wp\/v2\/users\/1"}],"replies":[{"embeddable":true,"href":"https:\/\/mobilit.ai\/index.php\/wp-json\/wp\/v2\/comments?post=141"}],"version-history":[{"count":11,"href":"https:\/\/mobilit.ai\/index.php\/wp-json\/wp\/v2\/pages\/141\/revisions"}],"predecessor-version":[{"id":275,"href":"https:\/\/mobilit.ai\/index.php\/wp-json\/wp\/v2\/pages\/141\/revisions\/275"}],"wp:attachment":[{"href":"https:\/\/mobilit.ai\/index.php\/wp-json\/wp\/v2\/media?parent=141"}],"curies":[{"name":"wp","href":"https:\/\/api.w.org\/{rel}","templated":true}]}}