{"id":261,"date":"2026-01-07T16:02:02","date_gmt":"2026-01-07T16:02:02","guid":{"rendered":"http:\/\/ddsbvee.cluster100.hosting.ovh.net\/?page_id=261"},"modified":"2026-01-07T16:23:16","modified_gmt":"2026-01-07T16:23:16","slug":"mentions-legales","status":"publish","type":"page","link":"https:\/\/mobilit.ai\/index.php\/mentions-legales\/","title":{"rendered":"Mentions l\u00e9gales"},"content":{"rendered":"\t\t<div data-elementor-type=\"wp-page\" data-elementor-id=\"261\" class=\"elementor elementor-261\">\n\t\t\t\t<div class=\"elementor-element elementor-element-8f03107 e-flex e-con-boxed e-con e-parent\" data-id=\"8f03107\" data-element_type=\"container\">\n\t\t\t\t\t<div class=\"e-con-inner\">\n\t\t\t\t<div class=\"elementor-element elementor-element-b7e70d1 elementor-widget elementor-widget-heading\" data-id=\"b7e70d1\" data-element_type=\"widget\" data-widget_type=\"heading.default\">\n\t\t\t\t\t<h2 class=\"elementor-heading-title elementor-size-default\">Mentions l\u00e9gales<\/h2>\t\t\t\t<\/div>\n\t\t\t\t<div class=\"elementor-element elementor-element-e27864c elementor-widget elementor-widget-text-editor\" data-id=\"e27864c\" data-element_type=\"widget\" data-widget_type=\"text-editor.default\">\n\t\t\t\t\t\t\t\t\t<h5><strong>1. Pr\u00e9sentation du site.<\/strong><\/h5><p>En vertu de l&#8217;article 6 de la loi n\u00b0 2004-575 du 21 juin 2004 pour la confiance dans l&#8217;\u00e9conomie num\u00e9rique, il est pr\u00e9cis\u00e9 aux utilisateurs du site www.mobilit.ai l&#8217;identit\u00e9 des diff\u00e9rents intervenants dans le cadre de sa r\u00e9alisation et de son suivi:<br \/><strong>Propri\u00e9taire :<\/strong> IRT Saint Exup\u00e9ry-79300704800044-CS34436, 3 Rue Tarfaya, 31400 Toulouse<br \/><strong>Cr\u00e9ateur:<\/strong> IRT Saint Exup\u00e9ry<br \/><strong>Responsable publication:<\/strong> Jean-Christian Beucher, directeur g\u00e9n\u00e9ral de l&#8217;IRT Saint-Exup\u00e9ry &#8211; +33 (0)5.62.30.80.70.<br \/>Le responsable publication est une personne physique ou une personne morale.<br \/><strong>Webmaster:<\/strong> Natalya Kebalo &#8211; contact@irt-saintexupery.com<br \/><strong>H\u00e9bergeur:<\/strong> IRT Saint Exup\u00e9ry-CS34436, 3 Rue Tarfaya, 31400 Toulouse<br \/><strong>Cr\u00e9dits photos:<\/strong> Dominique Viet et Gwen Bovilan \/ Agence Attractivit\u00e9 Toulouse<\/p><h5><strong>2. Conditions g\u00e9n\u00e9rales d&#8217;utilisation du site et des services propos\u00e9s.<\/strong><\/h5><p>L&#8217;utilisation du site www.mobilit.ai implique l&#8217;acceptation pleine et enti\u00e8re des conditions g\u00e9n\u00e9rales d&#8217;utilisation ci-apr\u00e8s d\u00e9crites. Ces conditions d&#8217;utilisation sont susceptibles d&#8217;\u00eatre modifi\u00e9es ou compl\u00e9t\u00e9es \u00e0 tout moment, les utilisateurs du site www.mobilit.ai sont donc invit\u00e9s \u00e0 les consulter de mani\u00e8re r\u00e9guli\u00e8re.<\/p><p>Ce site est normalement accessible \u00e0 tout moment aux utilisateurs. Une interruption pour raison de maintenance technique peut \u00eatre toutefois d\u00e9cid\u00e9e par IRT Saint Exup\u00e9ry, qui s&#8217;efforcera alors de communiquer pr\u00e9alablement aux utilisateurs les dates et heures de l&#8217;intervention.<\/p><p>Le site www.mobilit.ai est mis \u00e0 jour r\u00e9guli\u00e8rement par Ariel Sirat, directeur g\u00e9n\u00e9ral de l&#8217;IRT Saint-Exup\u00e9ry. De la m\u00eame fa\u00e7on, les mentions l\u00e9gales peuvent \u00eatre modifi\u00e9es \u00e0 tout moment: elles s&#8217;imposent n\u00e9anmoins \u00e0 l&#8217;utilisateur qui est invit\u00e9 \u00e0 s&#8217;y r\u00e9f\u00e9rer le plus souvent possible afin d&#8217;en prendre connaissance<\/p><h5><strong>3. Description des services fournis.<\/strong><\/h5><p>Le site www.mobilit.ai a pour objet de fournir une information concernant l&#8217;ensemble des activit\u00e9s de la soci\u00e9t\u00e9.<\/p><p>IRT Saint Exup\u00e9ry s&#8217;efforce de fournir sur le site www.mobilit.ai des informations aussi pr\u00e9cises que possible. Toutefois, il ne pourra \u00eatre tenue responsable des omissions, des inexactitudes et des carences dans la mise \u00e0 jour, qu&#8217;elles soient de son fait ou du fait des tiers partenaires qui lui fournissent ces informations.<\/p><p>Tous les informations indiqu\u00e9es sur le site www.mobilit.ai sont donn\u00e9es \u00e0 titre indicatif, et sont susceptibles d&#8217;\u00e9voluer. Par ailleurs, les renseignements figurant sur le site www.mobilit.ai ne sont pas exhaustifs. Ils sont donn\u00e9s sous r\u00e9serve de modifications ayant \u00e9t\u00e9 apport\u00e9es depuis leur mise en ligne.<\/p>\t\t\t\t\t\t\t\t<\/div>\n\t\t\t\t\t<\/div>\n\t\t\t\t<\/div>\n\t\t\t\t<\/div>\n\t\t","protected":false},"excerpt":{"rendered":"<p>Mentions l\u00e9gales 1. Pr\u00e9sentation du site. En vertu de l&#8217;article 6 de la loi n\u00b0 2004-575 du 21 juin 2004 pour la confiance dans l&#8217;\u00e9conomie num\u00e9rique, il est pr\u00e9cis\u00e9 aux utilisateurs du site www.mobilit.ai l&#8217;identit\u00e9 des diff\u00e9rents intervenants dans le cadre de sa r\u00e9alisation et de son suivi:Propri\u00e9taire : IRT Saint Exup\u00e9ry-79300704800044-CS34436, 3 Rue Tarfaya, [&hellip;]<\/p>\n","protected":false},"author":1,"featured_media":0,"parent":0,"menu_order":0,"comment_status":"closed","ping_status":"closed","template":"","meta":{"footnotes":""},"class_list":["post-261","page","type-page","status-publish","hentry"],"blocksy_meta":[],"_links":{"self":[{"href":"https:\/\/mobilit.ai\/index.php\/wp-json\/wp\/v2\/pages\/261","targetHints":{"allow":["GET"]}}],"collection":[{"href":"https:\/\/mobilit.ai\/index.php\/wp-json\/wp\/v2\/pages"}],"about":[{"href":"https:\/\/mobilit.ai\/index.php\/wp-json\/wp\/v2\/types\/page"}],"author":[{"embeddable":true,"href":"https:\/\/mobilit.ai\/index.php\/wp-json\/wp\/v2\/users\/1"}],"replies":[{"embeddable":true,"href":"https:\/\/mobilit.ai\/index.php\/wp-json\/wp\/v2\/comments?post=261"}],"version-history":[{"count":10,"href":"https:\/\/mobilit.ai\/index.php\/wp-json\/wp\/v2\/pages\/261\/revisions"}],"predecessor-version":[{"id":271,"href":"https:\/\/mobilit.ai\/index.php\/wp-json\/wp\/v2\/pages\/261\/revisions\/271"}],"wp:attachment":[{"href":"https:\/\/mobilit.ai\/index.php\/wp-json\/wp\/v2\/media?parent=261"}],"curies":[{"name":"wp","href":"https:\/\/api.w.org\/{rel}","templated":true}]}}