{"id":338,"date":"2026-01-09T14:35:09","date_gmt":"2026-01-09T14:35:09","guid":{"rendered":"https:\/\/mobilit.ai\/?page_id=338"},"modified":"2026-01-09T14:38:51","modified_gmt":"2026-01-09T14:38:51","slug":"edition-2023","status":"publish","type":"page","link":"https:\/\/mobilit.ai\/index.php\/edition-2023\/","title":{"rendered":"\u00c9dition 2023"},"content":{"rendered":"\t\t<div data-elementor-type=\"wp-page\" data-elementor-id=\"338\" class=\"elementor elementor-338\">\n\t\t\t\t<div class=\"elementor-element elementor-element-00c6bde e-flex e-con-boxed e-con e-parent\" data-id=\"00c6bde\" data-element_type=\"container\">\n\t\t\t\t\t<div class=\"e-con-inner\">\n\t\t<div class=\"elementor-element elementor-element-7ffb109 e-con-full e-flex e-con e-child\" data-id=\"7ffb109\" data-element_type=\"container\">\n\t\t\t\t<div class=\"elementor-element elementor-element-1dd1279 elementor-arrows-position-inside elementor-pagination-position-outside elementor-widget elementor-widget-image-carousel\" data-id=\"1dd1279\" data-element_type=\"widget\" data-settings=\"{&quot;slides_to_show&quot;:&quot;1&quot;,&quot;navigation&quot;:&quot;both&quot;,&quot;autoplay&quot;:&quot;yes&quot;,&quot;pause_on_hover&quot;:&quot;yes&quot;,&quot;pause_on_interaction&quot;:&quot;yes&quot;,&quot;autoplay_speed&quot;:5000,&quot;infinite&quot;:&quot;yes&quot;,&quot;effect&quot;:&quot;slide&quot;,&quot;speed&quot;:500}\" data-widget_type=\"image-carousel.default\">\n\t\t\t\t\t\t\t<div class=\"elementor-image-carousel-wrapper swiper\" role=\"region\" aria-roledescription=\"carousel\" aria-label=\"Image Carousel\" dir=\"ltr\">\n\t\t\t<div class=\"elementor-image-carousel swiper-wrapper\" aria-live=\"off\">\n\t\t\t\t\t\t\t\t<div class=\"swiper-slide\" role=\"group\" aria-roledescription=\"slide\" aria-label=\"1 of 1\"><figure class=\"swiper-slide-inner\"><img decoding=\"async\" class=\"swiper-slide-image\" src=\"https:\/\/mobilit.ai\/wp-content\/uploads\/2026\/01\/mobilitai_2023-image-0.png\" alt=\"mobilitai_2023-image-0\" \/><\/figure><\/div>\t\t\t<\/div>\n\t\t\t\t\t<\/div>\n\t\t\t\t\t\t<\/div>\n\t\t\t\t<\/div>\n\t\t<div class=\"elementor-element elementor-element-b578a39 e-con-full e-flex e-con e-child\" data-id=\"b578a39\" data-element_type=\"container\">\n\t\t\t\t<div class=\"elementor-element elementor-element-94645d2 elementor-widget elementor-widget-text-editor\" data-id=\"94645d2\" data-element_type=\"widget\" data-widget_type=\"text-editor.default\">\n\t\t\t\t\t\t\t\t\t<p><strong><a href=\"https:\/\/ivado.ca\/\">IVADO<\/a>, l\u2019<a href=\"http:\/\/www.irt-saintexupery.com\/\">IRT Saint Exup\u00e9ry<\/a>,\u00a0<a href=\"https:\/\/www.iata.org\/\">IATA<\/a>, l\u2019<a href=\"https:\/\/iid.ulaval.ca\/\">IID<\/a>, le\u00a0<a href=\"http:\/\/www.criaq.aero\/\">CRIAQ<\/a><\/strong>\u00a0<strong>et\u00a0<a href=\"https:\/\/aniti.univ-toulouse.fr\/\">ANITI<\/a> organisent la 4\u00e8me \u00e9dition du forum MobiliT.Al les 30 et 31 mai 2023.<\/strong><\/p><p><strong>MobiliT.Al:<\/strong> il s&#8217;agit d&#8217;un \u00e9v\u00e8nement international qui rassemble une communaut\u00e9 d&#8217;experts de l&#8217;Intelligence Artificielle pour les syst\u00e8mes critiques dans le domaine du transport et de la mobilit\u00e9 (a\u00e9ronautique, automobile, rail, espace, drones, etc.). Cette communaut\u00e9 est compos\u00e9e de chercheurs acad\u00e9miques, industriels et issus des entreprises de la Tech, mais \u00e9galement d&#8217;experts en suret\u00e9 de fonctionnement et en ing\u00e9nierie des syst\u00e8mes embarqu\u00e9s critiques.<br \/>Pour cette 4\u00e8me \u00e9dition du Forum, la conf\u00e9rence passe une \u00e9tape sup\u00e9rieure et rejoint deux \u00e9v\u00e8nements majeurs dans l&#8217;\u00e9cosyst\u00e8me de l&#8217;Intelligence Artificielle : Mobility Solutions Show le 30 et 31 mai et Future Intelligence le 31 mai.<\/p>\t\t\t\t\t\t\t\t<\/div>\n\t\t\t\t<\/div>\n\t\t\t\t\t<\/div>\n\t\t\t\t<\/div>\n\t\t\t\t<\/div>\n\t\t","protected":false},"excerpt":{"rendered":"<p>IVADO, l\u2019IRT Saint Exup\u00e9ry,\u00a0IATA, l\u2019IID, le\u00a0CRIAQ\u00a0et\u00a0ANITI organisent la 4\u00e8me \u00e9dition du forum MobiliT.Al les 30 et 31 mai 2023. MobiliT.Al: il s&#8217;agit d&#8217;un \u00e9v\u00e8nement international qui rassemble une communaut\u00e9 d&#8217;experts de l&#8217;Intelligence Artificielle pour les syst\u00e8mes critiques dans le domaine du transport et de la mobilit\u00e9 (a\u00e9ronautique, automobile, rail, espace, drones, etc.). Cette communaut\u00e9 est [&hellip;]<\/p>\n","protected":false},"author":1,"featured_media":0,"parent":0,"menu_order":0,"comment_status":"closed","ping_status":"closed","template":"","meta":{"footnotes":""},"class_list":["post-338","page","type-page","status-publish","hentry"],"blocksy_meta":[],"_links":{"self":[{"href":"https:\/\/mobilit.ai\/index.php\/wp-json\/wp\/v2\/pages\/338","targetHints":{"allow":["GET"]}}],"collection":[{"href":"https:\/\/mobilit.ai\/index.php\/wp-json\/wp\/v2\/pages"}],"about":[{"href":"https:\/\/mobilit.ai\/index.php\/wp-json\/wp\/v2\/types\/page"}],"author":[{"embeddable":true,"href":"https:\/\/mobilit.ai\/index.php\/wp-json\/wp\/v2\/users\/1"}],"replies":[{"embeddable":true,"href":"https:\/\/mobilit.ai\/index.php\/wp-json\/wp\/v2\/comments?post=338"}],"version-history":[{"count":4,"href":"https:\/\/mobilit.ai\/index.php\/wp-json\/wp\/v2\/pages\/338\/revisions"}],"predecessor-version":[{"id":344,"href":"https:\/\/mobilit.ai\/index.php\/wp-json\/wp\/v2\/pages\/338\/revisions\/344"}],"wp:attachment":[{"href":"https:\/\/mobilit.ai\/index.php\/wp-json\/wp\/v2\/media?parent=338"}],"curies":[{"name":"wp","href":"https:\/\/api.w.org\/{rel}","templated":true}]}}