{"id":351,"date":"2026-01-09T14:56:11","date_gmt":"2026-01-09T14:56:11","guid":{"rendered":"https:\/\/mobilit.ai\/?page_id=351"},"modified":"2026-01-09T14:58:22","modified_gmt":"2026-01-09T14:58:22","slug":"edition-2021","status":"publish","type":"page","link":"https:\/\/mobilit.ai\/index.php\/edition-2021\/","title":{"rendered":"\u00c9dition 2021"},"content":{"rendered":"\t\t<div data-elementor-type=\"wp-page\" data-elementor-id=\"351\" class=\"elementor elementor-351\">\n\t\t\t\t<div class=\"elementor-element elementor-element-00c6bde e-flex e-con-boxed e-con e-parent\" data-id=\"00c6bde\" data-element_type=\"container\">\n\t\t\t\t\t<div class=\"e-con-inner\">\n\t\t<div class=\"elementor-element elementor-element-7ffb109 e-con-full e-flex e-con e-child\" data-id=\"7ffb109\" data-element_type=\"container\">\n\t\t\t\t<div class=\"elementor-element elementor-element-1dd1279 elementor-arrows-position-inside elementor-pagination-position-outside elementor-widget elementor-widget-image-carousel\" data-id=\"1dd1279\" data-element_type=\"widget\" data-settings=\"{&quot;slides_to_show&quot;:&quot;1&quot;,&quot;navigation&quot;:&quot;both&quot;,&quot;autoplay&quot;:&quot;yes&quot;,&quot;pause_on_hover&quot;:&quot;yes&quot;,&quot;pause_on_interaction&quot;:&quot;yes&quot;,&quot;autoplay_speed&quot;:5000,&quot;infinite&quot;:&quot;yes&quot;,&quot;effect&quot;:&quot;slide&quot;,&quot;speed&quot;:500}\" data-widget_type=\"image-carousel.default\">\n\t\t\t\t\t\t\t<div class=\"elementor-image-carousel-wrapper swiper\" role=\"region\" aria-roledescription=\"carousel\" aria-label=\"Image Carousel\" dir=\"ltr\">\n\t\t\t<div class=\"elementor-image-carousel swiper-wrapper\" aria-live=\"off\">\n\t\t\t\t\t\t\t\t<div class=\"swiper-slide\" role=\"group\" aria-roledescription=\"slide\" aria-label=\"1 of 1\"><figure class=\"swiper-slide-inner\"><img decoding=\"async\" class=\"swiper-slide-image\" src=\"https:\/\/mobilit.ai\/wp-content\/uploads\/2026\/01\/mobilitai_2021-image-0.png\" alt=\"mobilitai_2021-image-0\" \/><\/figure><\/div>\t\t\t<\/div>\n\t\t\t\t\t<\/div>\n\t\t\t\t\t\t<\/div>\n\t\t\t\t<\/div>\n\t\t<div class=\"elementor-element elementor-element-b578a39 e-con-full e-flex e-con e-child\" data-id=\"b578a39\" data-element_type=\"container\">\n\t\t\t\t<div class=\"elementor-element elementor-element-94645d2 elementor-widget elementor-widget-text-editor\" data-id=\"94645d2\" data-element_type=\"widget\" data-widget_type=\"text-editor.default\">\n\t\t\t\t\t\t\t\t\t<p><strong><a href=\"https:\/\/ivado.ca\/\">IVADO<\/a>, l\u2019<a href=\"http:\/\/www.irt-saintexupery.com\/\">IRT Saint Exup\u00e9ry<\/a>,\u00a0le\u00a0<a href=\"http:\/\/www.criaq.aero\/\">CRIAQ<\/a><\/strong>\u00a0<strong>et\u00a0<a href=\"https:\/\/aniti.univ-toulouse.fr\/\">ANITI<\/a> organisent la 2\u00e8me \u00e9dition du forum MobiliT.Al le 10 mai 2021<\/strong><\/p><p><strong>MobiliT.AI 2021<\/strong><br \/>En 2021, le forum MobiliT.Al a pr\u00e9sent\u00e9 sa seconde \u00e9dition en mode 100% virtuel &#8211; en raison des contraintes impos\u00e9es par la COVID-19. \u00c0 cette occasion, pr\u00e8s de 450 participantes et participants qui ont assist\u00e9 aux quelques 30 panels et conf\u00e9rences qui ont \u00e9t\u00e9 offertes au fil de ce forum.\u00a0<\/p>\t\t\t\t\t\t\t\t<\/div>\n\t\t\t\t<\/div>\n\t\t\t\t\t<\/div>\n\t\t\t\t<\/div>\n\t\t\t\t<\/div>\n\t\t","protected":false},"excerpt":{"rendered":"<p>IVADO, l\u2019IRT Saint Exup\u00e9ry,\u00a0le\u00a0CRIAQ\u00a0et\u00a0ANITI organisent la 2\u00e8me \u00e9dition du forum MobiliT.Al le 10 mai 2021 MobiliT.AI 2021En 2021, le forum MobiliT.Al a pr\u00e9sent\u00e9 sa seconde \u00e9dition en mode 100% virtuel &#8211; en raison des contraintes impos\u00e9es par la COVID-19. \u00c0 cette occasion, pr\u00e8s de 450 participantes et participants qui ont assist\u00e9 aux quelques 30 panels [&hellip;]<\/p>\n","protected":false},"author":1,"featured_media":0,"parent":0,"menu_order":0,"comment_status":"closed","ping_status":"closed","template":"","meta":{"footnotes":""},"class_list":["post-351","page","type-page","status-publish","hentry"],"blocksy_meta":[],"_links":{"self":[{"href":"https:\/\/mobilit.ai\/index.php\/wp-json\/wp\/v2\/pages\/351","targetHints":{"allow":["GET"]}}],"collection":[{"href":"https:\/\/mobilit.ai\/index.php\/wp-json\/wp\/v2\/pages"}],"about":[{"href":"https:\/\/mobilit.ai\/index.php\/wp-json\/wp\/v2\/types\/page"}],"author":[{"embeddable":true,"href":"https:\/\/mobilit.ai\/index.php\/wp-json\/wp\/v2\/users\/1"}],"replies":[{"embeddable":true,"href":"https:\/\/mobilit.ai\/index.php\/wp-json\/wp\/v2\/comments?post=351"}],"version-history":[{"count":4,"href":"https:\/\/mobilit.ai\/index.php\/wp-json\/wp\/v2\/pages\/351\/revisions"}],"predecessor-version":[{"id":356,"href":"https:\/\/mobilit.ai\/index.php\/wp-json\/wp\/v2\/pages\/351\/revisions\/356"}],"wp:attachment":[{"href":"https:\/\/mobilit.ai\/index.php\/wp-json\/wp\/v2\/media?parent=351"}],"curies":[{"name":"wp","href":"https:\/\/api.w.org\/{rel}","templated":true}]}}