{"id":361,"date":"2026-01-09T15:02:02","date_gmt":"2026-01-09T15:02:02","guid":{"rendered":"https:\/\/mobilit.ai\/?page_id=361"},"modified":"2026-01-09T15:04:06","modified_gmt":"2026-01-09T15:04:06","slug":"edition-2022","status":"publish","type":"page","link":"https:\/\/mobilit.ai\/index.php\/edition-2022\/","title":{"rendered":"\u00c9dition 2022"},"content":{"rendered":"\t\t<div data-elementor-type=\"wp-page\" data-elementor-id=\"361\" class=\"elementor elementor-361\">\n\t\t\t\t<div class=\"elementor-element elementor-element-00c6bde e-flex e-con-boxed e-con e-parent\" data-id=\"00c6bde\" data-element_type=\"container\">\n\t\t\t\t\t<div class=\"e-con-inner\">\n\t\t<div class=\"elementor-element elementor-element-7ffb109 e-con-full e-flex e-con e-child\" data-id=\"7ffb109\" data-element_type=\"container\">\n\t\t\t\t<div class=\"elementor-element elementor-element-1dd1279 elementor-arrows-position-inside elementor-pagination-position-outside elementor-widget elementor-widget-image-carousel\" data-id=\"1dd1279\" data-element_type=\"widget\" data-settings=\"{&quot;slides_to_show&quot;:&quot;1&quot;,&quot;navigation&quot;:&quot;both&quot;,&quot;autoplay&quot;:&quot;yes&quot;,&quot;pause_on_hover&quot;:&quot;yes&quot;,&quot;pause_on_interaction&quot;:&quot;yes&quot;,&quot;autoplay_speed&quot;:5000,&quot;infinite&quot;:&quot;yes&quot;,&quot;effect&quot;:&quot;slide&quot;,&quot;speed&quot;:500}\" data-widget_type=\"image-carousel.default\">\n\t\t\t\t\t\t\t<div class=\"elementor-image-carousel-wrapper swiper\" role=\"region\" aria-roledescription=\"carousel\" aria-label=\"Image Carousel\" dir=\"ltr\">\n\t\t\t<div class=\"elementor-image-carousel swiper-wrapper\" aria-live=\"off\">\n\t\t\t\t\t\t\t\t<div class=\"swiper-slide\" role=\"group\" aria-roledescription=\"slide\" aria-label=\"1 of 1\"><figure class=\"swiper-slide-inner\"><img decoding=\"async\" class=\"swiper-slide-image\" src=\"https:\/\/mobilit.ai\/wp-content\/uploads\/2026\/01\/mobilitai_2022-image-0.png\" alt=\"mobilitai_2022-image-0\" \/><\/figure><\/div>\t\t\t<\/div>\n\t\t\t\t\t<\/div>\n\t\t\t\t\t\t<\/div>\n\t\t\t\t<\/div>\n\t\t<div class=\"elementor-element elementor-element-b578a39 e-con-full e-flex e-con e-child\" data-id=\"b578a39\" data-element_type=\"container\">\n\t\t\t\t<div class=\"elementor-element elementor-element-94645d2 elementor-widget elementor-widget-text-editor\" data-id=\"94645d2\" data-element_type=\"widget\" data-widget_type=\"text-editor.default\">\n\t\t\t\t\t\t\t\t\t<p><strong>MobiliT.AI 2022<\/strong><br \/><strong>L&#8217;IVADO, l&#8217;IRT Saint Exup\u00e9ry, l&#8217;IID, le CRIAQ et ANITI<\/strong> vous invitent \u00e0 la 3<strong>e \u00e9dition du forum MobiliT.Al<\/strong> qui sera pr\u00e9sent\u00e9 dans la ville de Qu\u00e9bec (Canada), les 17, 18 et 19 mai 2022.<\/p><p>Mobilit.Al est un \u00e9v\u00e8nement international qui rassemble une communaut\u00e9 d&#8217;experts de l&#8217;intelligence artificielle (IA) pour les syst\u00e8mes critiques dans le domaine du transport et de la mobilit\u00e9 (a\u00e9ronautique, automobile, rail, espace, drones, et plus).<br \/>Cette communaut\u00e9 est compos\u00e9e de chercheurs du milieu acad\u00e9mique ou industriel, d&#8217;acteurs li\u00e9s aux entreprises du secteur technologique ou du monde des transports, mais \u00e9galement d&#8217;experts en suret\u00e9 de fonctionnement et en ing\u00e9nierie des syst\u00e8mes embarqu\u00e9s critiques. Montr\u00e9al a accueilli en 2019 la l\u00e8re \u00e9dition de MobiliT.Al pendant laquelle environ 170 experts et 26 conf\u00e9renciers et panelistes se sont rassembl\u00e9s. Pour sa part, l&#8217;\u00e9dition 2021, pr\u00e9sent\u00e9e en mode virtuel, a rassembl\u00e9e pr\u00e8s de 450 participantes, en mode virtuel.<\/p>\t\t\t\t\t\t\t\t<\/div>\n\t\t\t\t<\/div>\n\t\t\t\t\t<\/div>\n\t\t\t\t<\/div>\n\t\t\t\t<\/div>\n\t\t","protected":false},"excerpt":{"rendered":"<p>MobiliT.AI 2022L&#8217;IVADO, l&#8217;IRT Saint Exup\u00e9ry, l&#8217;IID, le CRIAQ et ANITI vous invitent \u00e0 la 3e \u00e9dition du forum MobiliT.Al qui sera pr\u00e9sent\u00e9 dans la ville de Qu\u00e9bec (Canada), les 17, 18 et 19 mai 2022. Mobilit.Al est un \u00e9v\u00e8nement international qui rassemble une communaut\u00e9 d&#8217;experts de l&#8217;intelligence artificielle (IA) pour les syst\u00e8mes critiques dans le [&hellip;]<\/p>\n","protected":false},"author":1,"featured_media":0,"parent":0,"menu_order":0,"comment_status":"closed","ping_status":"closed","template":"","meta":{"footnotes":""},"class_list":["post-361","page","type-page","status-publish","hentry"],"blocksy_meta":[],"_links":{"self":[{"href":"https:\/\/mobilit.ai\/index.php\/wp-json\/wp\/v2\/pages\/361","targetHints":{"allow":["GET"]}}],"collection":[{"href":"https:\/\/mobilit.ai\/index.php\/wp-json\/wp\/v2\/pages"}],"about":[{"href":"https:\/\/mobilit.ai\/index.php\/wp-json\/wp\/v2\/types\/page"}],"author":[{"embeddable":true,"href":"https:\/\/mobilit.ai\/index.php\/wp-json\/wp\/v2\/users\/1"}],"replies":[{"embeddable":true,"href":"https:\/\/mobilit.ai\/index.php\/wp-json\/wp\/v2\/comments?post=361"}],"version-history":[{"count":4,"href":"https:\/\/mobilit.ai\/index.php\/wp-json\/wp\/v2\/pages\/361\/revisions"}],"predecessor-version":[{"id":366,"href":"https:\/\/mobilit.ai\/index.php\/wp-json\/wp\/v2\/pages\/361\/revisions\/366"}],"wp:attachment":[{"href":"https:\/\/mobilit.ai\/index.php\/wp-json\/wp\/v2\/media?parent=361"}],"curies":[{"name":"wp","href":"https:\/\/api.w.org\/{rel}","templated":true}]}}